{"id":1325,"date":"2025-07-01T14:29:20","date_gmt":"2025-07-01T12:29:20","guid":{"rendered":"https:\/\/barrierefrei.i-pointing.com\/?page_id=1325"},"modified":"2025-07-01T15:19:28","modified_gmt":"2025-07-01T13:19:28","slug":"barrierefreiheit","status":"publish","type":"page","link":"https:\/\/barrierefrei.i-pointing.com\/de\/barrierefreiheit\/","title":{"rendered":"Barrierefreiheit"},"content":{"rendered":"\t\t<div data-elementor-type=\"wp-page\" data-elementor-id=\"1325\" class=\"elementor elementor-1325\" data-elementor-post-type=\"page\">\n\t\t\t\t\t\t<section class=\"elementor-section elementor-top-section elementor-element elementor-element-de5709e elementor-section-boxed elementor-section-height-default elementor-section-height-default\" data-id=\"de5709e\" data-element_type=\"section\">\n\t\t\t\t\t\t<div class=\"elementor-container elementor-column-gap-default\">\n\t\t\t\t\t<div class=\"elementor-column elementor-col-100 elementor-top-column elementor-element elementor-element-e01ddc8\" data-id=\"e01ddc8\" data-element_type=\"column\">\n\t\t\t<div class=\"elementor-widget-wrap elementor-element-populated\">\n\t\t\t\t\t\t<div class=\"elementor-element elementor-element-3575a73 elementor-widget elementor-widget-heading\" data-id=\"3575a73\" data-element_type=\"widget\" data-widget_type=\"heading.default\">\n\t\t\t\t<div class=\"elementor-widget-container\">\n\t\t\t\t\t<h1 class=\"elementor-heading-title elementor-size-default\">Erkl\u00e4rung zur Barrierefreiheit<\/h1>\t\t\t\t<\/div>\n\t\t\t\t<\/div>\n\t\t\t\t<div class=\"elementor-element elementor-element-2e70836 elementor-widget elementor-widget-text-editor\" data-id=\"2e70836\" data-element_type=\"widget\" data-widget_type=\"text-editor.default\">\n\t\t\t\t<div class=\"elementor-widget-container\">\n\t\t\t\t\t\t\t\t\t<p>Wir (i-pointing) als Websitebetreiber sind bem\u00fcht, die Website in Einklang mit den einschl\u00e4gigen Vorschriften zur Barrierefreiheit zu gestalten. F\u00fcr uns gelten folgende Rechtsvorschriften:<\/p>\n<p>Bayerisches Gesetz zur Gleichstellung, Integration und Teilhabe von Menschen mit Behinderung (Bayerisches Behindertengleichstellungsgesetz \u2013 BayBGG) und Bayerische Barrierefreie Informationstechnik-Verordnung (BayBITV)<\/p>\n<h3>Website<\/h3>\n<p>Diese Erkl\u00e4rung zur Barrierefreiheit gilt f\u00fcr die Website&nbsp;<a href=\"https:\/\/barrierefrei.i-pointing.com\/\">https:\/\/barrierefrei.i-pointing.com\/<\/a>.<\/p>\n<h3>Letzte Aktualisierung der Website<\/h3>\n<p>Diese Website wurde zuletzt am 01.07.2025 in wesentlichen Punkten inhaltlich \u00fcberarbeitet.<\/p>\n<h3>Feedback und Kontaktangaben<\/h3>\n<p>Sind Ihnen M\u00e4ngel beim barrierefreien Zugang zu Inhalten auf unserer Website aufgefallen oder haben Sie Anmerkungen sowie Fragen zum barrierefreien Zugang? Melden Sie sich gerne bei uns unter:<\/p>\n<p>i-pointing GmbH<br>\nSteinerstra\u00dfe 15 E&amp;F<br>\n81369 M\u00fcnchen<\/p>\n<p>Telefon: +49 (0) 89 \/ 30 90 448-0<br>\nE-Mail: info@i-pointing.de<\/p>\n<h3>Stand der Vereinbarkeit mit den Anforderungen<\/h3>\n<p>Diese Website ist vollst\u00e4ndig mit den f\u00fcr uns geltenden Vorschriften zur Barrierefreiheit vereinbar.<\/p>\n<h3>Weitergehende Ma\u00dfnahmen zur Verbesserung des barrierefreien Zugangs zu unserer Website<\/h3>\n<p>Wir bem\u00fchen uns stets um die Verbesserung der barrierefreien Zugangsm\u00f6glichkeiten zu unserer Website. Derzeit tun wir hierzu Folgendes:<\/p>\n<p>Wir arbeiten aktiv daran, unsere digitale Plattform f\u00fcr alle Nutzer zug\u00e4nglich zu machen. Daf\u00fcr haben wir ein neues Widget auf der linken Seite eingebaut, \u00fcber das verschiedene Tools zur Verbesserung der Barrierefreiheit genutzt werden k\u00f6nnen:<\/p>\n<ul>\n<li>Gr\u00f6\u00dferer Text<\/li>\n<li>Cursor vergr\u00f6\u00dfern<\/li>\n<li>Zeilenh\u00f6he anpassen<\/li>\n<li>Buchstabenabstand vergr\u00f6\u00dfern<\/li>\n<li>Lesbare Schriftart<\/li>\n<li>Text ausrichten<\/li>\n<li>Links hervorheben<\/li>\n<li>Farben umkehren<\/li>\n<li>Helligkeit anpassen<\/li>\n<li>Graustufen aktivieren<\/li>\n<li>Leselinie anzeigen<\/li>\n<li>Lesemaske nutzen<\/li>\n<li>Bilder ausblenden<\/li>\n<li>Alles hervorheben<\/li>\n<li>Animationen stoppen<\/li>\n<\/ul>\n<p>Zudem k\u00f6nnen Sie \u00fcber die Schaltfl\u00e4che &#8222;Verbesserungsvorschl\u00e4ge zur Barrierefreiheit&#8220; Verbesserungsvorschl\u00e4ge und Feedback gegeben werden. Durch Ihr Feedback k\u00f6nnen wir unsere Webseite noch besser f\u00fcr alle Nutzer zug\u00e4nglich zu machen.<\/p>\t\t\t\t\t\t\t\t<\/div>\n\t\t\t\t<\/div>\n\t\t\t\t<div class=\"elementor-element elementor-element-c8da231 elementor-widget elementor-widget-button\" data-id=\"c8da231\" data-element_type=\"widget\" data-widget_type=\"button.default\">\n\t\t\t\t<div class=\"elementor-widget-container\">\n\t\t\t\t\t\t\t\t\t<div class=\"elementor-button-wrapper\">\n\t\t\t\t\t<a class=\"elementor-button elementor-button-link elementor-size-sm\" href=\"https:\/\/www.multi2media.de\/barrierefreiheit\/feedback\/?website=barrierefrei.i-pointing.com\">\n\t\t\t\t\t\t<span class=\"elementor-button-content-wrapper\">\n\t\t\t\t\t\t\t\t\t<span class=\"elementor-button-text\">Verbesserungsvorschl\u00e4ge zur Barrierefreiheit<\/span>\n\t\t\t\t\t<\/span>\n\t\t\t\t\t<\/a>\n\t\t\t\t<\/div>\n\t\t\t\t\t\t\t\t<\/div>\n\t\t\t\t<\/div>\n\t\t\t\t<div class=\"elementor-element elementor-element-33f0f26 elementor-widget elementor-widget-text-editor\" data-id=\"33f0f26\" data-element_type=\"widget\" data-widget_type=\"text-editor.default\">\n\t\t\t\t<div class=\"elementor-widget-container\">\n\t\t\t\t\t\t\t\t\t<h3>Durchsetzungsverfahren<\/h3>\n<p>Sollten Sie der Ansicht sein, dass Sie durch eine nicht ausreichende barrierefreie Gestaltung unserer Website benachteiligt sind, k\u00f6nnen Sie sich an die zust\u00e4ndige Durchsetzungsstelle wenden. Diese erreichen Sie unter:<\/p>\n<p>Landesamt f\u00fcr Digitalisierung, Breitband und Vermessung<br>\nIT-Dienstleistungszentrum des Freistaats Bayern<br>\nDurchsetzungs- und \u00dcberwachungsstelle f\u00fcr barrierefreie Informationstechnik<br>\nSt.-Martin-Stra\u00dfe 47<br>\n81541 M\u00fcnchen<\/p>\n<p>E-Mail:&nbsp;<a href=\"mailto:bitv@bayern.de\">bitv@bayern.de<\/a><\/p>\n<h3>Erstellung dieser Erkl\u00e4rung zur Barrierefreiheit<\/h3>\n<p>Diese Erkl\u00e4rung wurde am 01.07.2025 erstellt.<\/p>\n<p>Die Erkl\u00e4rung wurde zuletzt am 01.07.2025 \u00fcberpr\u00fcft.<\/p>\t\t\t\t\t\t\t\t<\/div>\n\t\t\t\t<\/div>\n\t\t\t\t\t<\/div>\n\t\t<\/div>\n\t\t\t\t\t<\/div>\n\t\t<\/section>\n\t\t\t\t<\/div>\n\t\t","protected":false},"excerpt":{"rendered":"<p>Erkl\u00e4rung zur Barrierefreiheit Wir (i-pointing) als Websitebetreiber sind bem\u00fcht, die Website in Einklang mit den einschl\u00e4gigen Vorschriften zur Barrierefreiheit zu gestalten. F\u00fcr uns gelten folgende Rechtsvorschriften: Bayerisches Gesetz zur Gleichstellung, Integration und Teilhabe von Menschen mit Behinderung (Bayerisches Behindertengleichstellungsgesetz \u2013 BayBGG) und Bayerische Barrierefreie Informationstechnik-Verordnung (BayBITV) Website Diese Erkl\u00e4rung zur Barrierefreiheit gilt f\u00fcr die Website&nbsp;https:\/\/barrierefrei.i-pointing.com\/. [&hellip;]<\/p>\n","protected":false},"author":1,"featured_media":0,"parent":0,"menu_order":0,"comment_status":"closed","ping_status":"closed","template":"","meta":{"_seopress_robots_primary_cat":"","_seopress_titles_title":"","_seopress_titles_desc":"","_seopress_robots_index":"","footnotes":""},"class_list":["post-1325","page","type-page","status-publish","hentry"],"_links":{"self":[{"href":"https:\/\/barrierefrei.i-pointing.com\/de\/wp-json\/wp\/v2\/pages\/1325","targetHints":{"allow":["GET"]}}],"collection":[{"href":"https:\/\/barrierefrei.i-pointing.com\/de\/wp-json\/wp\/v2\/pages"}],"about":[{"href":"https:\/\/barrierefrei.i-pointing.com\/de\/wp-json\/wp\/v2\/types\/page"}],"author":[{"embeddable":true,"href":"https:\/\/barrierefrei.i-pointing.com\/de\/wp-json\/wp\/v2\/users\/1"}],"replies":[{"embeddable":true,"href":"https:\/\/barrierefrei.i-pointing.com\/de\/wp-json\/wp\/v2\/comments?post=1325"}],"version-history":[{"count":10,"href":"https:\/\/barrierefrei.i-pointing.com\/de\/wp-json\/wp\/v2\/pages\/1325\/revisions"}],"predecessor-version":[{"id":1338,"href":"https:\/\/barrierefrei.i-pointing.com\/de\/wp-json\/wp\/v2\/pages\/1325\/revisions\/1338"}],"wp:attachment":[{"href":"https:\/\/barrierefrei.i-pointing.com\/de\/wp-json\/wp\/v2\/media?parent=1325"}],"curies":[{"name":"wp","href":"https:\/\/api.w.org\/{rel}","templated":true}]}}