{"id":814,"date":"2022-10-10T16:21:55","date_gmt":"2022-10-10T14:21:55","guid":{"rendered":"http:\/\/barrierefrei.i-pointing.com\/?page_id=814"},"modified":"2025-12-12T08:40:54","modified_gmt":"2025-12-12T07:40:54","slug":"impressum","status":"publish","type":"page","link":"https:\/\/barrierefrei.i-pointing.com\/de\/impressum\/","title":{"rendered":"Impressum"},"content":{"rendered":"\t\t<div data-elementor-type=\"wp-page\" data-elementor-id=\"814\" class=\"elementor elementor-814\" data-elementor-post-type=\"page\">\n\t\t\t\t\t\t<section class=\"elementor-section elementor-top-section elementor-element elementor-element-de5709e elementor-section-boxed elementor-section-height-default elementor-section-height-default\" data-id=\"de5709e\" data-element_type=\"section\">\n\t\t\t\t\t\t<div class=\"elementor-container elementor-column-gap-default\">\n\t\t\t\t\t<div class=\"elementor-column elementor-col-100 elementor-top-column elementor-element elementor-element-e01ddc8\" data-id=\"e01ddc8\" data-element_type=\"column\">\n\t\t\t<div class=\"elementor-widget-wrap elementor-element-populated\">\n\t\t\t\t\t\t<div class=\"elementor-element elementor-element-3575a73 elementor-widget elementor-widget-heading\" data-id=\"3575a73\" data-element_type=\"widget\" data-widget_type=\"heading.default\">\n\t\t\t\t<div class=\"elementor-widget-container\">\n\t\t\t\t\t<h1 class=\"elementor-heading-title elementor-size-default\">Impressum<\/h1>\t\t\t\t<\/div>\n\t\t\t\t<\/div>\n\t\t\t\t<div class=\"elementor-element elementor-element-2e70836 elementor-widget elementor-widget-text-editor\" data-id=\"2e70836\" data-element_type=\"widget\" data-widget_type=\"text-editor.default\">\n\t\t\t\t<div class=\"elementor-widget-container\">\n\t\t\t\t\t\t\t\t\t<p>i-pointing GmbH<br>Steinerstra\u00dfe 15 E&amp;F<br>81369 M\u00fcnchen<\/p>\n<p><strong>Vertreten durch:<\/strong><br>Gesch\u00e4ftsf\u00fchrer:innen: CEO Marion Koppitz | Markus Pfaff<br>Steinerstra\u00dfe 15 E&amp;F<br>81369 M\u00fcnchen<\/p>\n<h3>Kontakt<\/h3>\n<p>Telefon: +49 (0) 89 \/ 30 90 448-0<br>Telefax: +49 (0) 89 \/ 30 90 448-29<br>E-Mail: info@i-pointing.de<\/p>\n<h3>Registereintrag<\/h3>\n<p>Eintragung im Handelsregister<br>Registergericht: Amtsgericht Traunstein<br>Registernummer: HRB: 27816<\/p>\n<h3>Umsatzsteuer-ID<\/h3>\n<p>Umsatzsteuer-Identifikationsnummer gem\u00e4\u00df \u00a7 27 a Umsatzsteuergesetz:<br>DE323681848<\/p>\n<h3>Verbraucher\u00adstreit\u00adbeilegung\/Universal\u00adschlichtungs\u00adstelle<\/h3>\n<p>Wir sind nicht bereit oder verpflichtet, an Streitbeilegungsverfahren vor einer Verbraucherschlichtungsstelle teilzunehmen.<\/p>\n<h3>Website<\/h3>\n<p><a href=\"https:\/\/www.multi2media.de\" target=\"_blank\" rel=\"noopener\">Werbeagentur Multi2Media<\/a><\/p>\t\t\t\t\t\t\t\t<\/div>\n\t\t\t\t<\/div>\n\t\t\t\t\t<\/div>\n\t\t<\/div>\n\t\t\t\t\t<\/div>\n\t\t<\/section>\n\t\t\t\t<\/div>\n\t\t","protected":false},"excerpt":{"rendered":"<p>Impressum i-pointing GmbHSteinerstra\u00dfe 15 E&amp;F81369 M\u00fcnchen Vertreten durch:Gesch\u00e4ftsf\u00fchrer:innen: CEO Marion Koppitz | Markus PfaffSteinerstra\u00dfe 15 E&amp;F81369 M\u00fcnchen Kontakt Telefon: +49 (0) 89 \/ 30 90 448-0Telefax: +49 (0) 89 \/ 30 90 448-29E-Mail: info@i-pointing.de Registereintrag Eintragung im HandelsregisterRegistergericht: Amtsgericht TraunsteinRegisternummer: HRB: 27816 Umsatzsteuer-ID Umsatzsteuer-Identifikationsnummer gem\u00e4\u00df \u00a7 27 a Umsatzsteuergesetz:DE323681848 Verbraucher\u00adstreit\u00adbeilegung\/Universal\u00adschlichtungs\u00adstelle Wir sind nicht bereit oder [&hellip;]<\/p>\n","protected":false},"author":1,"featured_media":0,"parent":0,"menu_order":0,"comment_status":"closed","ping_status":"closed","template":"","meta":{"_seopress_robots_primary_cat":"","_seopress_titles_title":"","_seopress_titles_desc":"","_seopress_robots_index":"","footnotes":""},"class_list":["post-814","page","type-page","status-publish","hentry"],"_links":{"self":[{"href":"https:\/\/barrierefrei.i-pointing.com\/de\/wp-json\/wp\/v2\/pages\/814","targetHints":{"allow":["GET"]}}],"collection":[{"href":"https:\/\/barrierefrei.i-pointing.com\/de\/wp-json\/wp\/v2\/pages"}],"about":[{"href":"https:\/\/barrierefrei.i-pointing.com\/de\/wp-json\/wp\/v2\/types\/page"}],"author":[{"embeddable":true,"href":"https:\/\/barrierefrei.i-pointing.com\/de\/wp-json\/wp\/v2\/users\/1"}],"replies":[{"embeddable":true,"href":"https:\/\/barrierefrei.i-pointing.com\/de\/wp-json\/wp\/v2\/comments?post=814"}],"version-history":[{"count":43,"href":"https:\/\/barrierefrei.i-pointing.com\/de\/wp-json\/wp\/v2\/pages\/814\/revisions"}],"predecessor-version":[{"id":1405,"href":"https:\/\/barrierefrei.i-pointing.com\/de\/wp-json\/wp\/v2\/pages\/814\/revisions\/1405"}],"wp:attachment":[{"href":"https:\/\/barrierefrei.i-pointing.com\/de\/wp-json\/wp\/v2\/media?parent=814"}],"curies":[{"name":"wp","href":"https:\/\/api.w.org\/{rel}","templated":true}]}}